{"id":1233,"date":"2026-05-11T09:30:53","date_gmt":"2026-05-11T09:30:53","guid":{"rendered":"https:\/\/akfacay.com.tr\/?post_type=product&#038;p=1233"},"modified":"2026-05-11T09:48:32","modified_gmt":"2026-05-11T09:48:32","slug":"kirmizi-filiz","status":"publish","type":"product","link":"https:\/\/akfacay.com.tr\/index.php\/urun\/kirmizi-filiz\/","title":{"rendered":"K\u0131rm\u0131z\u0131 Filiz \u00c7ay\u0131 D\u00f6kme 6kg (500 gr X 12 Adet )"},"content":{"rendered":"<p><b>\u00d6zenle se\u00e7ilen taze filiz yapraklardan \u00fcretilen bu \u00e7ay, zengin aromas\u0131, berrak dem rengi ve yumu\u015fak i\u00e7imiyle her fincanda dengeli bir lezzet sunar. G\u00fcn\u00fcn her saatine uyum sa\u011flayan yap\u0131s\u0131yla keyifli bir \u00e7ay deneyimi ya\u015fat\u0131r.<\/b><\/p>\n","protected":false},"excerpt":{"rendered":"<p>\u00d6zenle se\u00e7ilen taze filiz yapraklardan \u00fcretilen bu \u00e7ay, zengin aromas\u0131, berrak dem rengi ve yumu\u015fak i\u00e7imiyle her fincanda dengeli bir lezzet sunar. [&hellip;]<\/p>\n","protected":false},"featured_media":1234,"comment_status":"open","ping_status":"closed","template":"","meta":[],"product_brand":[],"product_cat":[27],"product_tag":[],"class_list":{"0":"post-1233","1":"product","2":"type-product","3":"status-publish","4":"has-post-thumbnail","6":"product_cat-genel","8":"first","9":"instock","10":"sale","11":"taxable","12":"shipping-taxable","13":"purchasable","14":"product-type-simple"},"yoast_head":"<!-- This site is optimized with the Yoast SEO plugin v27.6 - https:\/\/yoast.com\/product\/yoast-seo-wordpress\/ -->\n<title>K\u0131rm\u0131z\u0131 Filiz \u00c7ay\u0131 D\u00f6kme 6kg (500 gr X 12 Adet ) | Akfa &Ccedil;ay<\/title>\n<meta name=\"robots\" content=\"index, follow, max-snippet:-1, max-image-preview:large, max-video-preview:-1\" \/>\n<link rel=\"canonical\" href=\"https:\/\/akfacay.com.tr\/index.php\/urun\/kirmizi-filiz\/\" \/>\n<meta property=\"og:locale\" content=\"tr_TR\" \/>\n<meta property=\"og:type\" content=\"article\" \/>\n<meta property=\"og:title\" content=\"K\u0131rm\u0131z\u0131 Filiz \u00c7ay\u0131 D\u00f6kme 6kg (500 gr X 12 Adet ) | Akfa &Ccedil;ay\" \/>\n<meta property=\"og:description\" content=\"\u00d6zenle se\u00e7ilen taze filiz yapraklardan \u00fcretilen bu \u00e7ay, zengin aromas\u0131, berrak dem rengi ve yumu\u015fak i\u00e7imiyle her fincanda dengeli bir lezzet sunar. [&hellip;]\" \/>\n<meta property=\"og:url\" content=\"https:\/\/akfacay.com.tr\/index.php\/urun\/kirmizi-filiz\/\" \/>\n<meta property=\"og:site_name\" content=\"Akfa &Ccedil;ay\" \/>\n<meta property=\"article:modified_time\" content=\"2026-05-11T09:48:32+00:00\" \/>\n<meta property=\"og:image\" content=\"https:\/\/akfacay.com.tr\/wp-content\/uploads\/2026\/05\/Filiz-scaled.jpg\" \/>\n\t<meta property=\"og:image:width\" content=\"2560\" \/>\n\t<meta property=\"og:image:height\" content=\"2091\" \/>\n\t<meta property=\"og:image:type\" content=\"image\/jpeg\" \/>\n<meta name=\"twitter:card\" content=\"summary_large_image\" \/>\n<meta name=\"twitter:label1\" content=\"Tahmini okuma s\u00fcresi\" \/>\n\t<meta name=\"twitter:data1\" content=\"1 dakika\" \/>\n<script type=\"application\/ld+json\" class=\"yoast-schema-graph\">{\"@context\":\"https:\\\/\\\/schema.org\",\"@graph\":[{\"@type\":\"WebPage\",\"@id\":\"https:\\\/\\\/akfacay.com.tr\\\/index.php\\\/urun\\\/kirmizi-filiz\\\/\",\"url\":\"https:\\\/\\\/akfacay.com.tr\\\/index.php\\\/urun\\\/kirmizi-filiz\\\/\",\"name\":\"K\u0131rm\u0131z\u0131 Filiz \u00c7ay\u0131 D\u00f6kme 6kg (500 gr X 12 Adet ) | Akfa &Ccedil;ay\",\"isPartOf\":{\"@id\":\"https:\\\/\\\/akfacay.com.tr\\\/#website\"},\"primaryImageOfPage\":{\"@id\":\"https:\\\/\\\/akfacay.com.tr\\\/index.php\\\/urun\\\/kirmizi-filiz\\\/#primaryimage\"},\"image\":{\"@id\":\"https:\\\/\\\/akfacay.com.tr\\\/index.php\\\/urun\\\/kirmizi-filiz\\\/#primaryimage\"},\"thumbnailUrl\":\"https:\\\/\\\/akfacay.com.tr\\\/wp-content\\\/uploads\\\/2026\\\/05\\\/Filiz-scaled.jpg\",\"datePublished\":\"2026-05-11T09:30:53+00:00\",\"dateModified\":\"2026-05-11T09:48:32+00:00\",\"breadcrumb\":{\"@id\":\"https:\\\/\\\/akfacay.com.tr\\\/index.php\\\/urun\\\/kirmizi-filiz\\\/#breadcrumb\"},\"inLanguage\":\"tr\",\"potentialAction\":[{\"@type\":\"ReadAction\",\"target\":[\"https:\\\/\\\/akfacay.com.tr\\\/index.php\\\/urun\\\/kirmizi-filiz\\\/\"]}]},{\"@type\":\"ImageObject\",\"inLanguage\":\"tr\",\"@id\":\"https:\\\/\\\/akfacay.com.tr\\\/index.php\\\/urun\\\/kirmizi-filiz\\\/#primaryimage\",\"url\":\"https:\\\/\\\/akfacay.com.tr\\\/wp-content\\\/uploads\\\/2026\\\/05\\\/Filiz-scaled.jpg\",\"contentUrl\":\"https:\\\/\\\/akfacay.com.tr\\\/wp-content\\\/uploads\\\/2026\\\/05\\\/Filiz-scaled.jpg\",\"width\":2560,\"height\":2091},{\"@type\":\"BreadcrumbList\",\"@id\":\"https:\\\/\\\/akfacay.com.tr\\\/index.php\\\/urun\\\/kirmizi-filiz\\\/#breadcrumb\",\"itemListElement\":[{\"@type\":\"ListItem\",\"position\":1,\"name\":\"Ana sayfa\",\"item\":\"https:\\\/\\\/akfacay.com.tr\\\/\"},{\"@type\":\"ListItem\",\"position\":2,\"name\":\"Ma\u011faza\",\"item\":\"https:\\\/\\\/akfacay.com.tr\\\/index.php\\\/magaza\\\/\"},{\"@type\":\"ListItem\",\"position\":3,\"name\":\"K\u0131rm\u0131z\u0131 Filiz \u00c7ay\u0131 D\u00f6kme 6kg (500 gr X 12 Adet )\"}]},{\"@type\":\"WebSite\",\"@id\":\"https:\\\/\\\/akfacay.com.tr\\\/#website\",\"url\":\"https:\\\/\\\/akfacay.com.tr\\\/\",\"name\":\"Akfa cay\",\"description\":\"Ho\u015fgeldiniz\",\"publisher\":{\"@id\":\"https:\\\/\\\/akfacay.com.tr\\\/#organization\"},\"alternateName\":\"Akfa akfacay akfa\u00e7ay \u00e7ay karadeniz filiz harman tiryaki demlik bardak\",\"potentialAction\":[{\"@type\":\"SearchAction\",\"target\":{\"@type\":\"EntryPoint\",\"urlTemplate\":\"https:\\\/\\\/akfacay.com.tr\\\/?s={search_term_string}\"},\"query-input\":{\"@type\":\"PropertyValueSpecification\",\"valueRequired\":true,\"valueName\":\"search_term_string\"}}],\"inLanguage\":\"tr\"},{\"@type\":\"Organization\",\"@id\":\"https:\\\/\\\/akfacay.com.tr\\\/#organization\",\"name\":\"Akfa \u00c7ay\",\"url\":\"https:\\\/\\\/akfacay.com.tr\\\/\",\"logo\":{\"@type\":\"ImageObject\",\"inLanguage\":\"tr\",\"@id\":\"https:\\\/\\\/akfacay.com.tr\\\/#\\\/schema\\\/logo\\\/image\\\/\",\"url\":\"https:\\\/\\\/akfacay.com.tr\\\/wp-content\\\/uploads\\\/2020\\\/03\\\/akfa-logos\u0327effaf-.png\",\"contentUrl\":\"https:\\\/\\\/akfacay.com.tr\\\/wp-content\\\/uploads\\\/2020\\\/03\\\/akfa-logos\u0327effaf-.png\",\"width\":3908,\"height\":2604,\"caption\":\"Akfa \u00c7ay\"},\"image\":{\"@id\":\"https:\\\/\\\/akfacay.com.tr\\\/#\\\/schema\\\/logo\\\/image\\\/\"}}]}<\/script>\n<!-- \/ Yoast SEO plugin. -->","yoast_head_json":{"title":"K\u0131rm\u0131z\u0131 Filiz \u00c7ay\u0131 D\u00f6kme 6kg (500 gr X 12 Adet ) | Akfa &Ccedil;ay","robots":{"index":"index","follow":"follow","max-snippet":"max-snippet:-1","max-image-preview":"max-image-preview:large","max-video-preview":"max-video-preview:-1"},"canonical":"https:\/\/akfacay.com.tr\/index.php\/urun\/kirmizi-filiz\/","og_locale":"tr_TR","og_type":"article","og_title":"K\u0131rm\u0131z\u0131 Filiz \u00c7ay\u0131 D\u00f6kme 6kg (500 gr X 12 Adet ) | Akfa &Ccedil;ay","og_description":"\u00d6zenle se\u00e7ilen taze filiz yapraklardan \u00fcretilen bu \u00e7ay, zengin aromas\u0131, berrak dem rengi ve yumu\u015fak i\u00e7imiyle her fincanda dengeli bir lezzet sunar. [&hellip;]","og_url":"https:\/\/akfacay.com.tr\/index.php\/urun\/kirmizi-filiz\/","og_site_name":"Akfa &Ccedil;ay","article_modified_time":"2026-05-11T09:48:32+00:00","og_image":[{"width":2560,"height":2091,"url":"https:\/\/akfacay.com.tr\/wp-content\/uploads\/2026\/05\/Filiz-scaled.jpg","type":"image\/jpeg"}],"twitter_card":"summary_large_image","twitter_misc":{"Tahmini okuma s\u00fcresi":"1 dakika"},"schema":{"@context":"https:\/\/schema.org","@graph":[{"@type":"WebPage","@id":"https:\/\/akfacay.com.tr\/index.php\/urun\/kirmizi-filiz\/","url":"https:\/\/akfacay.com.tr\/index.php\/urun\/kirmizi-filiz\/","name":"K\u0131rm\u0131z\u0131 Filiz \u00c7ay\u0131 D\u00f6kme 6kg (500 gr X 12 Adet ) | Akfa &Ccedil;ay","isPartOf":{"@id":"https:\/\/akfacay.com.tr\/#website"},"primaryImageOfPage":{"@id":"https:\/\/akfacay.com.tr\/index.php\/urun\/kirmizi-filiz\/#primaryimage"},"image":{"@id":"https:\/\/akfacay.com.tr\/index.php\/urun\/kirmizi-filiz\/#primaryimage"},"thumbnailUrl":"https:\/\/akfacay.com.tr\/wp-content\/uploads\/2026\/05\/Filiz-scaled.jpg","datePublished":"2026-05-11T09:30:53+00:00","dateModified":"2026-05-11T09:48:32+00:00","breadcrumb":{"@id":"https:\/\/akfacay.com.tr\/index.php\/urun\/kirmizi-filiz\/#breadcrumb"},"inLanguage":"tr","potentialAction":[{"@type":"ReadAction","target":["https:\/\/akfacay.com.tr\/index.php\/urun\/kirmizi-filiz\/"]}]},{"@type":"ImageObject","inLanguage":"tr","@id":"https:\/\/akfacay.com.tr\/index.php\/urun\/kirmizi-filiz\/#primaryimage","url":"https:\/\/akfacay.com.tr\/wp-content\/uploads\/2026\/05\/Filiz-scaled.jpg","contentUrl":"https:\/\/akfacay.com.tr\/wp-content\/uploads\/2026\/05\/Filiz-scaled.jpg","width":2560,"height":2091},{"@type":"BreadcrumbList","@id":"https:\/\/akfacay.com.tr\/index.php\/urun\/kirmizi-filiz\/#breadcrumb","itemListElement":[{"@type":"ListItem","position":1,"name":"Ana sayfa","item":"https:\/\/akfacay.com.tr\/"},{"@type":"ListItem","position":2,"name":"Ma\u011faza","item":"https:\/\/akfacay.com.tr\/index.php\/magaza\/"},{"@type":"ListItem","position":3,"name":"K\u0131rm\u0131z\u0131 Filiz \u00c7ay\u0131 D\u00f6kme 6kg (500 gr X 12 Adet )"}]},{"@type":"WebSite","@id":"https:\/\/akfacay.com.tr\/#website","url":"https:\/\/akfacay.com.tr\/","name":"Akfa cay","description":"Ho\u015fgeldiniz","publisher":{"@id":"https:\/\/akfacay.com.tr\/#organization"},"alternateName":"Akfa akfacay akfa\u00e7ay \u00e7ay karadeniz filiz harman tiryaki demlik bardak","potentialAction":[{"@type":"SearchAction","target":{"@type":"EntryPoint","urlTemplate":"https:\/\/akfacay.com.tr\/?s={search_term_string}"},"query-input":{"@type":"PropertyValueSpecification","valueRequired":true,"valueName":"search_term_string"}}],"inLanguage":"tr"},{"@type":"Organization","@id":"https:\/\/akfacay.com.tr\/#organization","name":"Akfa \u00c7ay","url":"https:\/\/akfacay.com.tr\/","logo":{"@type":"ImageObject","inLanguage":"tr","@id":"https:\/\/akfacay.com.tr\/#\/schema\/logo\/image\/","url":"https:\/\/akfacay.com.tr\/wp-content\/uploads\/2020\/03\/akfa-logos\u0327effaf-.png","contentUrl":"https:\/\/akfacay.com.tr\/wp-content\/uploads\/2020\/03\/akfa-logos\u0327effaf-.png","width":3908,"height":2604,"caption":"Akfa \u00c7ay"},"image":{"@id":"https:\/\/akfacay.com.tr\/#\/schema\/logo\/image\/"}}]}},"jetpack_sharing_enabled":true,"_links":{"self":[{"href":"https:\/\/akfacay.com.tr\/index.php\/wp-json\/wp\/v2\/product\/1233","targetHints":{"allow":["GET"]}}],"collection":[{"href":"https:\/\/akfacay.com.tr\/index.php\/wp-json\/wp\/v2\/product"}],"about":[{"href":"https:\/\/akfacay.com.tr\/index.php\/wp-json\/wp\/v2\/types\/product"}],"replies":[{"embeddable":true,"href":"https:\/\/akfacay.com.tr\/index.php\/wp-json\/wp\/v2\/comments?post=1233"}],"wp:featuredmedia":[{"embeddable":true,"href":"https:\/\/akfacay.com.tr\/index.php\/wp-json\/wp\/v2\/media\/1234"}],"wp:attachment":[{"href":"https:\/\/akfacay.com.tr\/index.php\/wp-json\/wp\/v2\/media?parent=1233"}],"wp:term":[{"taxonomy":"product_brand","embeddable":true,"href":"https:\/\/akfacay.com.tr\/index.php\/wp-json\/wp\/v2\/product_brand?post=1233"},{"taxonomy":"product_cat","embeddable":true,"href":"https:\/\/akfacay.com.tr\/index.php\/wp-json\/wp\/v2\/product_cat?post=1233"},{"taxonomy":"product_tag","embeddable":true,"href":"https:\/\/akfacay.com.tr\/index.php\/wp-json\/wp\/v2\/product_tag?post=1233"}],"curies":[{"name":"wp","href":"https:\/\/api.w.org\/{rel}","templated":true}]}}