{"id":1232,"date":"2026-05-11T09:23:18","date_gmt":"2026-05-11T09:23:18","guid":{"rendered":"https:\/\/akfacay.com.tr\/?post_type=product&#038;p=1232"},"modified":"2026-05-12T10:51:04","modified_gmt":"2026-05-12T10:51:04","slug":"blend-ilk-hasat-mayis-cayi-dokme-6kg-500-gr-x-12-adet","status":"publish","type":"product","link":"https:\/\/akfacay.com.tr\/index.php\/urun\/blend-ilk-hasat-mayis-cayi-dokme-6kg-500-gr-x-12-adet\/","title":{"rendered":"Blend \u0130lk Hasat May\u0131s \u00c7ay\u0131 D\u00f6kme 6kg (500 gr X 12 Adet )"},"content":{"rendered":"<p>May\u0131s ay\u0131n\u0131n canl\u0131l\u0131\u011f\u0131yla en taze yapraklardan toplanan filizler, Akfa Blend\u2019in bu \u00f6zel harman\u0131nda bir araya gelir; zengin aromas\u0131, parlak dem rengi ve kal\u0131c\u0131 tad\u0131yla her demde tazeli\u011fini hissettiren, g\u00fcn\u00fcn her saatine e\u015flik eden ayr\u0131cal\u0131kl\u0131 bir lezzet sunar.<\/p>\n<p>Demli\u011fe her bardak i\u00e7in bir tatl\u0131 ka\u015f\u0131\u011f\u0131 \u00e7ay koyun. Bir ka\u015f\u0131k da demlik i\u00e7in ekleyin. \u00dczerine i\u00e7me suyu ilave ederek 15\u201320 dakika demlenmeye b\u0131rak\u0131n ve servis edin.<\/p>\n<p>Demlenen \u00e7ay\u0131n tazeli\u011fini kaybetmeden, ilk 30 dakika i\u00e7inde t\u00fcketilmesi tavsiye edilir.<\/p>\n<p>\u00dcr\u00fcnler 500gr\u2019l\u0131k paketlerden olu\u015fmaktad\u0131r.<\/p>\n","protected":false},"excerpt":{"rendered":"<p>May\u0131s ay\u0131n\u0131n canl\u0131l\u0131\u011f\u0131yla en taze yapraklardan toplanan filizler, Akfa Blend\u2019in bu \u00f6zel harman\u0131nda bir araya gelir; zengin aromas\u0131, parlak dem rengi ve [&hellip;]<\/p>\n","protected":false},"featured_media":1297,"comment_status":"open","ping_status":"closed","template":"","meta":[],"product_brand":[],"product_cat":[27],"product_tag":[],"class_list":{"0":"post-1232","1":"product","2":"type-product","3":"status-publish","4":"has-post-thumbnail","6":"product_cat-genel","8":"first","9":"instock","10":"sale","11":"taxable","12":"shipping-taxable","13":"purchasable","14":"product-type-simple"},"yoast_head":"<!-- This site is optimized with the Yoast SEO plugin v27.6 - https:\/\/yoast.com\/product\/yoast-seo-wordpress\/ -->\n<title>Blend \u0130lk Hasat May\u0131s \u00c7ay\u0131 D\u00f6kme 6kg (500 gr X 12 Adet ) | Akfa &Ccedil;ay<\/title>\n<meta name=\"robots\" content=\"index, follow, max-snippet:-1, max-image-preview:large, max-video-preview:-1\" \/>\n<link rel=\"canonical\" href=\"https:\/\/akfacay.com.tr\/index.php\/urun\/blend-ilk-hasat-mayis-cayi-dokme-6kg-500-gr-x-12-adet\/\" \/>\n<meta property=\"og:locale\" content=\"tr_TR\" \/>\n<meta property=\"og:type\" content=\"article\" \/>\n<meta property=\"og:title\" content=\"Blend \u0130lk Hasat May\u0131s \u00c7ay\u0131 D\u00f6kme 6kg (500 gr X 12 Adet ) | Akfa &Ccedil;ay\" \/>\n<meta property=\"og:description\" content=\"May\u0131s ay\u0131n\u0131n canl\u0131l\u0131\u011f\u0131yla en taze yapraklardan toplanan filizler, Akfa Blend\u2019in bu \u00f6zel harman\u0131nda bir araya gelir; zengin aromas\u0131, parlak dem rengi ve [&hellip;]\" \/>\n<meta property=\"og:url\" content=\"https:\/\/akfacay.com.tr\/index.php\/urun\/blend-ilk-hasat-mayis-cayi-dokme-6kg-500-gr-x-12-adet\/\" \/>\n<meta property=\"og:site_name\" content=\"Akfa &Ccedil;ay\" \/>\n<meta property=\"article:modified_time\" content=\"2026-05-12T10:51:04+00:00\" \/>\n<meta property=\"og:image\" content=\"https:\/\/akfacay.com.tr\/wp-content\/uploads\/2026\/05\/Blend-1-scaled.jpg\" \/>\n\t<meta property=\"og:image:width\" content=\"2560\" \/>\n\t<meta property=\"og:image:height\" content=\"2259\" \/>\n\t<meta property=\"og:image:type\" content=\"image\/jpeg\" \/>\n<meta name=\"twitter:card\" content=\"summary_large_image\" \/>\n<meta name=\"twitter:label1\" content=\"Tahmini okuma s\u00fcresi\" \/>\n\t<meta name=\"twitter:data1\" content=\"1 dakika\" \/>\n<script type=\"application\/ld+json\" class=\"yoast-schema-graph\">{\"@context\":\"https:\\\/\\\/schema.org\",\"@graph\":[{\"@type\":\"WebPage\",\"@id\":\"https:\\\/\\\/akfacay.com.tr\\\/index.php\\\/urun\\\/blend-ilk-hasat-mayis-cayi-dokme-6kg-500-gr-x-12-adet\\\/\",\"url\":\"https:\\\/\\\/akfacay.com.tr\\\/index.php\\\/urun\\\/blend-ilk-hasat-mayis-cayi-dokme-6kg-500-gr-x-12-adet\\\/\",\"name\":\"Blend \u0130lk Hasat May\u0131s \u00c7ay\u0131 D\u00f6kme 6kg (500 gr X 12 Adet ) | Akfa &Ccedil;ay\",\"isPartOf\":{\"@id\":\"https:\\\/\\\/akfacay.com.tr\\\/#website\"},\"primaryImageOfPage\":{\"@id\":\"https:\\\/\\\/akfacay.com.tr\\\/index.php\\\/urun\\\/blend-ilk-hasat-mayis-cayi-dokme-6kg-500-gr-x-12-adet\\\/#primaryimage\"},\"image\":{\"@id\":\"https:\\\/\\\/akfacay.com.tr\\\/index.php\\\/urun\\\/blend-ilk-hasat-mayis-cayi-dokme-6kg-500-gr-x-12-adet\\\/#primaryimage\"},\"thumbnailUrl\":\"https:\\\/\\\/akfacay.com.tr\\\/wp-content\\\/uploads\\\/2026\\\/05\\\/Blend-1-scaled.jpg\",\"datePublished\":\"2026-05-11T09:23:18+00:00\",\"dateModified\":\"2026-05-12T10:51:04+00:00\",\"breadcrumb\":{\"@id\":\"https:\\\/\\\/akfacay.com.tr\\\/index.php\\\/urun\\\/blend-ilk-hasat-mayis-cayi-dokme-6kg-500-gr-x-12-adet\\\/#breadcrumb\"},\"inLanguage\":\"tr\",\"potentialAction\":[{\"@type\":\"ReadAction\",\"target\":[\"https:\\\/\\\/akfacay.com.tr\\\/index.php\\\/urun\\\/blend-ilk-hasat-mayis-cayi-dokme-6kg-500-gr-x-12-adet\\\/\"]}]},{\"@type\":\"ImageObject\",\"inLanguage\":\"tr\",\"@id\":\"https:\\\/\\\/akfacay.com.tr\\\/index.php\\\/urun\\\/blend-ilk-hasat-mayis-cayi-dokme-6kg-500-gr-x-12-adet\\\/#primaryimage\",\"url\":\"https:\\\/\\\/akfacay.com.tr\\\/wp-content\\\/uploads\\\/2026\\\/05\\\/Blend-1-scaled.jpg\",\"contentUrl\":\"https:\\\/\\\/akfacay.com.tr\\\/wp-content\\\/uploads\\\/2026\\\/05\\\/Blend-1-scaled.jpg\",\"width\":2560,\"height\":2259},{\"@type\":\"BreadcrumbList\",\"@id\":\"https:\\\/\\\/akfacay.com.tr\\\/index.php\\\/urun\\\/blend-ilk-hasat-mayis-cayi-dokme-6kg-500-gr-x-12-adet\\\/#breadcrumb\",\"itemListElement\":[{\"@type\":\"ListItem\",\"position\":1,\"name\":\"Ana sayfa\",\"item\":\"https:\\\/\\\/akfacay.com.tr\\\/\"},{\"@type\":\"ListItem\",\"position\":2,\"name\":\"Ma\u011faza\",\"item\":\"https:\\\/\\\/akfacay.com.tr\\\/index.php\\\/magaza\\\/\"},{\"@type\":\"ListItem\",\"position\":3,\"name\":\"Blend \u0130lk Hasat May\u0131s \u00c7ay\u0131 D\u00f6kme 6kg (500 gr X 12 Adet )\"}]},{\"@type\":\"WebSite\",\"@id\":\"https:\\\/\\\/akfacay.com.tr\\\/#website\",\"url\":\"https:\\\/\\\/akfacay.com.tr\\\/\",\"name\":\"Akfa cay\",\"description\":\"Ho\u015fgeldiniz\",\"publisher\":{\"@id\":\"https:\\\/\\\/akfacay.com.tr\\\/#organization\"},\"alternateName\":\"Akfa akfacay akfa\u00e7ay \u00e7ay karadeniz filiz harman tiryaki demlik bardak\",\"potentialAction\":[{\"@type\":\"SearchAction\",\"target\":{\"@type\":\"EntryPoint\",\"urlTemplate\":\"https:\\\/\\\/akfacay.com.tr\\\/?s={search_term_string}\"},\"query-input\":{\"@type\":\"PropertyValueSpecification\",\"valueRequired\":true,\"valueName\":\"search_term_string\"}}],\"inLanguage\":\"tr\"},{\"@type\":\"Organization\",\"@id\":\"https:\\\/\\\/akfacay.com.tr\\\/#organization\",\"name\":\"Akfa \u00c7ay\",\"url\":\"https:\\\/\\\/akfacay.com.tr\\\/\",\"logo\":{\"@type\":\"ImageObject\",\"inLanguage\":\"tr\",\"@id\":\"https:\\\/\\\/akfacay.com.tr\\\/#\\\/schema\\\/logo\\\/image\\\/\",\"url\":\"https:\\\/\\\/akfacay.com.tr\\\/wp-content\\\/uploads\\\/2020\\\/03\\\/akfa-logos\u0327effaf-.png\",\"contentUrl\":\"https:\\\/\\\/akfacay.com.tr\\\/wp-content\\\/uploads\\\/2020\\\/03\\\/akfa-logos\u0327effaf-.png\",\"width\":3908,\"height\":2604,\"caption\":\"Akfa \u00c7ay\"},\"image\":{\"@id\":\"https:\\\/\\\/akfacay.com.tr\\\/#\\\/schema\\\/logo\\\/image\\\/\"}}]}<\/script>\n<!-- \/ Yoast SEO plugin. -->","yoast_head_json":{"title":"Blend \u0130lk Hasat May\u0131s \u00c7ay\u0131 D\u00f6kme 6kg (500 gr X 12 Adet ) | Akfa &Ccedil;ay","robots":{"index":"index","follow":"follow","max-snippet":"max-snippet:-1","max-image-preview":"max-image-preview:large","max-video-preview":"max-video-preview:-1"},"canonical":"https:\/\/akfacay.com.tr\/index.php\/urun\/blend-ilk-hasat-mayis-cayi-dokme-6kg-500-gr-x-12-adet\/","og_locale":"tr_TR","og_type":"article","og_title":"Blend \u0130lk Hasat May\u0131s \u00c7ay\u0131 D\u00f6kme 6kg (500 gr X 12 Adet ) | Akfa &Ccedil;ay","og_description":"May\u0131s ay\u0131n\u0131n canl\u0131l\u0131\u011f\u0131yla en taze yapraklardan toplanan filizler, Akfa Blend\u2019in bu \u00f6zel harman\u0131nda bir araya gelir; zengin aromas\u0131, parlak dem rengi ve [&hellip;]","og_url":"https:\/\/akfacay.com.tr\/index.php\/urun\/blend-ilk-hasat-mayis-cayi-dokme-6kg-500-gr-x-12-adet\/","og_site_name":"Akfa &Ccedil;ay","article_modified_time":"2026-05-12T10:51:04+00:00","og_image":[{"width":2560,"height":2259,"url":"https:\/\/akfacay.com.tr\/wp-content\/uploads\/2026\/05\/Blend-1-scaled.jpg","type":"image\/jpeg"}],"twitter_card":"summary_large_image","twitter_misc":{"Tahmini okuma s\u00fcresi":"1 dakika"},"schema":{"@context":"https:\/\/schema.org","@graph":[{"@type":"WebPage","@id":"https:\/\/akfacay.com.tr\/index.php\/urun\/blend-ilk-hasat-mayis-cayi-dokme-6kg-500-gr-x-12-adet\/","url":"https:\/\/akfacay.com.tr\/index.php\/urun\/blend-ilk-hasat-mayis-cayi-dokme-6kg-500-gr-x-12-adet\/","name":"Blend \u0130lk Hasat May\u0131s \u00c7ay\u0131 D\u00f6kme 6kg (500 gr X 12 Adet ) | Akfa &Ccedil;ay","isPartOf":{"@id":"https:\/\/akfacay.com.tr\/#website"},"primaryImageOfPage":{"@id":"https:\/\/akfacay.com.tr\/index.php\/urun\/blend-ilk-hasat-mayis-cayi-dokme-6kg-500-gr-x-12-adet\/#primaryimage"},"image":{"@id":"https:\/\/akfacay.com.tr\/index.php\/urun\/blend-ilk-hasat-mayis-cayi-dokme-6kg-500-gr-x-12-adet\/#primaryimage"},"thumbnailUrl":"https:\/\/akfacay.com.tr\/wp-content\/uploads\/2026\/05\/Blend-1-scaled.jpg","datePublished":"2026-05-11T09:23:18+00:00","dateModified":"2026-05-12T10:51:04+00:00","breadcrumb":{"@id":"https:\/\/akfacay.com.tr\/index.php\/urun\/blend-ilk-hasat-mayis-cayi-dokme-6kg-500-gr-x-12-adet\/#breadcrumb"},"inLanguage":"tr","potentialAction":[{"@type":"ReadAction","target":["https:\/\/akfacay.com.tr\/index.php\/urun\/blend-ilk-hasat-mayis-cayi-dokme-6kg-500-gr-x-12-adet\/"]}]},{"@type":"ImageObject","inLanguage":"tr","@id":"https:\/\/akfacay.com.tr\/index.php\/urun\/blend-ilk-hasat-mayis-cayi-dokme-6kg-500-gr-x-12-adet\/#primaryimage","url":"https:\/\/akfacay.com.tr\/wp-content\/uploads\/2026\/05\/Blend-1-scaled.jpg","contentUrl":"https:\/\/akfacay.com.tr\/wp-content\/uploads\/2026\/05\/Blend-1-scaled.jpg","width":2560,"height":2259},{"@type":"BreadcrumbList","@id":"https:\/\/akfacay.com.tr\/index.php\/urun\/blend-ilk-hasat-mayis-cayi-dokme-6kg-500-gr-x-12-adet\/#breadcrumb","itemListElement":[{"@type":"ListItem","position":1,"name":"Ana sayfa","item":"https:\/\/akfacay.com.tr\/"},{"@type":"ListItem","position":2,"name":"Ma\u011faza","item":"https:\/\/akfacay.com.tr\/index.php\/magaza\/"},{"@type":"ListItem","position":3,"name":"Blend \u0130lk Hasat May\u0131s \u00c7ay\u0131 D\u00f6kme 6kg (500 gr X 12 Adet )"}]},{"@type":"WebSite","@id":"https:\/\/akfacay.com.tr\/#website","url":"https:\/\/akfacay.com.tr\/","name":"Akfa cay","description":"Ho\u015fgeldiniz","publisher":{"@id":"https:\/\/akfacay.com.tr\/#organization"},"alternateName":"Akfa akfacay akfa\u00e7ay \u00e7ay karadeniz filiz harman tiryaki demlik bardak","potentialAction":[{"@type":"SearchAction","target":{"@type":"EntryPoint","urlTemplate":"https:\/\/akfacay.com.tr\/?s={search_term_string}"},"query-input":{"@type":"PropertyValueSpecification","valueRequired":true,"valueName":"search_term_string"}}],"inLanguage":"tr"},{"@type":"Organization","@id":"https:\/\/akfacay.com.tr\/#organization","name":"Akfa \u00c7ay","url":"https:\/\/akfacay.com.tr\/","logo":{"@type":"ImageObject","inLanguage":"tr","@id":"https:\/\/akfacay.com.tr\/#\/schema\/logo\/image\/","url":"https:\/\/akfacay.com.tr\/wp-content\/uploads\/2020\/03\/akfa-logos\u0327effaf-.png","contentUrl":"https:\/\/akfacay.com.tr\/wp-content\/uploads\/2020\/03\/akfa-logos\u0327effaf-.png","width":3908,"height":2604,"caption":"Akfa \u00c7ay"},"image":{"@id":"https:\/\/akfacay.com.tr\/#\/schema\/logo\/image\/"}}]}},"jetpack_sharing_enabled":true,"_links":{"self":[{"href":"https:\/\/akfacay.com.tr\/index.php\/wp-json\/wp\/v2\/product\/1232","targetHints":{"allow":["GET"]}}],"collection":[{"href":"https:\/\/akfacay.com.tr\/index.php\/wp-json\/wp\/v2\/product"}],"about":[{"href":"https:\/\/akfacay.com.tr\/index.php\/wp-json\/wp\/v2\/types\/product"}],"replies":[{"embeddable":true,"href":"https:\/\/akfacay.com.tr\/index.php\/wp-json\/wp\/v2\/comments?post=1232"}],"wp:featuredmedia":[{"embeddable":true,"href":"https:\/\/akfacay.com.tr\/index.php\/wp-json\/wp\/v2\/media\/1297"}],"wp:attachment":[{"href":"https:\/\/akfacay.com.tr\/index.php\/wp-json\/wp\/v2\/media?parent=1232"}],"wp:term":[{"taxonomy":"product_brand","embeddable":true,"href":"https:\/\/akfacay.com.tr\/index.php\/wp-json\/wp\/v2\/product_brand?post=1232"},{"taxonomy":"product_cat","embeddable":true,"href":"https:\/\/akfacay.com.tr\/index.php\/wp-json\/wp\/v2\/product_cat?post=1232"},{"taxonomy":"product_tag","embeddable":true,"href":"https:\/\/akfacay.com.tr\/index.php\/wp-json\/wp\/v2\/product_tag?post=1232"}],"curies":[{"name":"wp","href":"https:\/\/api.w.org\/{rel}","templated":true}]}}