{"id":990,"date":"2022-05-12T12:33:05","date_gmt":"2022-05-12T12:33:05","guid":{"rendered":"https:\/\/akfacay.com.tr\/?page_id=990"},"modified":"2022-05-12T13:23:11","modified_gmt":"2022-05-12T13:23:11","slug":"kvkk","status":"publish","type":"page","link":"https:\/\/akfacay.com.tr\/index.php\/kvkk\/","title":{"rendered":"K\u0130\u015e\u0130SEL VER\u0130LER\u0130 KORUMA KANUNU"},"content":{"rendered":"\n<div class=\"wp-block-file\"><a id=\"wp-block-file--media-383662c6-d217-40b3-91c8-85394ae92efc\" href=\"https:\/\/akfacay.com.tr\/wp-content\/uploads\/2022\/05\/KVKK-Veri-Isleme-ve-Imha-Politikasi-AKFA.pdf\">KVKK Veri \u0130\u015fleme ve \u0130mha Politikasi AKFA \u00c7AY SANAY\u0130<\/a><a href=\"https:\/\/akfacay.com.tr\/wp-content\/uploads\/2022\/05\/KVKK-Veri-Isleme-ve-Imha-Politikasi-AKFA.pdf\" class=\"wp-block-file__button\" download aria-describedby=\"wp-block-file--media-383662c6-d217-40b3-91c8-85394ae92efc\">\u0130ndir<\/a><\/div>\n\n\n\n<div class=\"wp-block-file\"><a id=\"wp-block-file--media-354f1f9a-2b1e-4548-9045-c65ad0530d98\" href=\"https:\/\/akfacay.com.tr\/wp-content\/uploads\/2022\/05\/KVKK-Aydinlat-Metni-AKFA.pdf\">KVKK Aydinlatma Metni AKFA \u00c7AY SANAY\u0130<\/a><a href=\"https:\/\/akfacay.com.tr\/wp-content\/uploads\/2022\/05\/KVKK-Aydinlat-Metni-AKFA.pdf\" class=\"wp-block-file__button\" download aria-describedby=\"wp-block-file--media-354f1f9a-2b1e-4548-9045-c65ad0530d98\">\u0130ndir<\/a><\/div>\n\n\n\n<div class=\"wp-block-file\"><a id=\"wp-block-file--media-41bab06c-f41d-46c2-a0e2-074b8011f14a\" href=\"https:\/\/akfacay.com.tr\/wp-content\/uploads\/2022\/05\/KVKK-Basvuru-Formu-AKFA.pdf\">KVKK Basvuru Formu AKFA \u00c7AY SANAY\u0130<\/a><a href=\"https:\/\/akfacay.com.tr\/wp-content\/uploads\/2022\/05\/KVKK-Basvuru-Formu-AKFA.pdf\" class=\"wp-block-file__button\" download aria-describedby=\"wp-block-file--media-41bab06c-f41d-46c2-a0e2-074b8011f14a\">\u0130ndir<\/a><\/div>\n\n\n\n<div class=\"wp-block-file\"><a id=\"wp-block-file--media-ee24331b-d87c-4a8b-b445-e516ad550191\" href=\"https:\/\/akfacay.com.tr\/wp-content\/uploads\/2022\/05\/KVKK-Veri-Isleme-ve-Imha-PolitikasI-SAFA.pdf\">KVKK Veri \u0130\u015fleme ve \u0130mha Politikasi SAFA PAZARLAMA<\/a><a href=\"https:\/\/akfacay.com.tr\/wp-content\/uploads\/2022\/05\/KVKK-Veri-Isleme-ve-Imha-PolitikasI-SAFA.pdf\" class=\"wp-block-file__button\" download aria-describedby=\"wp-block-file--media-ee24331b-d87c-4a8b-b445-e516ad550191\">\u0130ndir<\/a><\/div>\n\n\n\n<div class=\"wp-block-file\"><a id=\"wp-block-file--media-76fe5558-f442-4861-8f99-68a4c5912f87\" href=\"https:\/\/akfacay.com.tr\/wp-content\/uploads\/2022\/05\/KVKK-Aydinlat-Metni-SAFA.pdf\">KVKK Aydinlatma Metni SAFA PAZARLAMA<\/a><a href=\"https:\/\/akfacay.com.tr\/wp-content\/uploads\/2022\/05\/KVKK-Aydinlat-Metni-SAFA.pdf\" class=\"wp-block-file__button\" download aria-describedby=\"wp-block-file--media-76fe5558-f442-4861-8f99-68a4c5912f87\">\u0130ndir<\/a><\/div>\n\n\n\n<div class=\"wp-block-file\"><a id=\"wp-block-file--media-941467d1-3976-4ad5-a16d-dbb43d36c338\" href=\"https:\/\/akfacay.com.tr\/wp-content\/uploads\/2022\/05\/KVKK-Basvuru-Formu-SAFA.pdf\">KVKK Basvuru Formu SAFA PAZARLAMA<\/a><a href=\"https:\/\/akfacay.com.tr\/wp-content\/uploads\/2022\/05\/KVKK-Basvuru-Formu-SAFA.pdf\" class=\"wp-block-file__button\" download aria-describedby=\"wp-block-file--media-941467d1-3976-4ad5-a16d-dbb43d36c338\">\u0130ndir<\/a><\/div>\n\n\n\n<p><\/p>\n\n\n\n<p><\/p>\n","protected":false},"excerpt":{"rendered":"","protected":false},"author":1,"featured_media":0,"parent":0,"menu_order":0,"comment_status":"closed","ping_status":"closed","template":"","meta":{"footnotes":""},"class_list":["post-990","page","type-page","status-publish","hentry"],"yoast_head":"<!-- This site is optimized with the Yoast SEO plugin v26.3 - https:\/\/yoast.com\/wordpress\/plugins\/seo\/ -->\n<title>K\u0130\u015e\u0130SEL VER\u0130LER\u0130 KORUMA KANUNU | Akfa &Ccedil;ay<\/title>\n<meta name=\"robots\" content=\"index, follow, max-snippet:-1, max-image-preview:large, max-video-preview:-1\" \/>\n<link rel=\"canonical\" href=\"https:\/\/akfacay.com.tr\/index.php\/kvkk\/\" \/>\n<meta property=\"og:locale\" content=\"tr_TR\" \/>\n<meta property=\"og:type\" content=\"article\" \/>\n<meta property=\"og:title\" content=\"K\u0130\u015e\u0130SEL VER\u0130LER\u0130 KORUMA KANUNU | Akfa &Ccedil;ay\" \/>\n<meta property=\"og:url\" content=\"https:\/\/akfacay.com.tr\/index.php\/kvkk\/\" \/>\n<meta property=\"og:site_name\" content=\"Akfa &Ccedil;ay\" \/>\n<meta property=\"article:modified_time\" content=\"2022-05-12T13:23:11+00:00\" \/>\n<meta name=\"twitter:card\" content=\"summary_large_image\" \/>\n<meta name=\"twitter:label1\" content=\"Tahmini okuma s\u00fcresi\" \/>\n\t<meta name=\"twitter:data1\" content=\"1 dakika\" \/>\n<script type=\"application\/ld+json\" class=\"yoast-schema-graph\">{\"@context\":\"https:\/\/schema.org\",\"@graph\":[{\"@type\":\"WebPage\",\"@id\":\"https:\/\/akfacay.com.tr\/index.php\/kvkk\/\",\"url\":\"https:\/\/akfacay.com.tr\/index.php\/kvkk\/\",\"name\":\"K\u0130\u015e\u0130SEL VER\u0130LER\u0130 KORUMA KANUNU | Akfa &Ccedil;ay\",\"isPartOf\":{\"@id\":\"https:\/\/akfacay.com.tr\/#website\"},\"datePublished\":\"2022-05-12T12:33:05+00:00\",\"dateModified\":\"2022-05-12T13:23:11+00:00\",\"breadcrumb\":{\"@id\":\"https:\/\/akfacay.com.tr\/index.php\/kvkk\/#breadcrumb\"},\"inLanguage\":\"tr\",\"potentialAction\":[{\"@type\":\"ReadAction\",\"target\":[\"https:\/\/akfacay.com.tr\/index.php\/kvkk\/\"]}]},{\"@type\":\"BreadcrumbList\",\"@id\":\"https:\/\/akfacay.com.tr\/index.php\/kvkk\/#breadcrumb\",\"itemListElement\":[{\"@type\":\"ListItem\",\"position\":1,\"name\":\"Ana sayfa\",\"item\":\"https:\/\/akfacay.com.tr\/\"},{\"@type\":\"ListItem\",\"position\":2,\"name\":\"K\u0130\u015e\u0130SEL VER\u0130LER\u0130 KORUMA KANUNU\"}]},{\"@type\":\"WebSite\",\"@id\":\"https:\/\/akfacay.com.tr\/#website\",\"url\":\"https:\/\/akfacay.com.tr\/\",\"name\":\"Akfa cay\",\"description\":\"Ho\u015fgeldiniz\",\"publisher\":{\"@id\":\"https:\/\/akfacay.com.tr\/#organization\"},\"alternateName\":\"Akfa akfacay akfa\u00e7ay \u00e7ay karadeniz filiz harman tiryaki demlik bardak\",\"potentialAction\":[{\"@type\":\"SearchAction\",\"target\":{\"@type\":\"EntryPoint\",\"urlTemplate\":\"https:\/\/akfacay.com.tr\/?s={search_term_string}\"},\"query-input\":{\"@type\":\"PropertyValueSpecification\",\"valueRequired\":true,\"valueName\":\"search_term_string\"}}],\"inLanguage\":\"tr\"},{\"@type\":\"Organization\",\"@id\":\"https:\/\/akfacay.com.tr\/#organization\",\"name\":\"Akfa \u00c7ay\",\"url\":\"https:\/\/akfacay.com.tr\/\",\"logo\":{\"@type\":\"ImageObject\",\"inLanguage\":\"tr\",\"@id\":\"https:\/\/akfacay.com.tr\/#\/schema\/logo\/image\/\",\"url\":\"https:\/\/akfacay.com.tr\/wp-content\/uploads\/2020\/03\/akfa-logos\u0327effaf-.png\",\"contentUrl\":\"https:\/\/akfacay.com.tr\/wp-content\/uploads\/2020\/03\/akfa-logos\u0327effaf-.png\",\"width\":3908,\"height\":2604,\"caption\":\"Akfa \u00c7ay\"},\"image\":{\"@id\":\"https:\/\/akfacay.com.tr\/#\/schema\/logo\/image\/\"}}]}<\/script>\n<!-- \/ Yoast SEO plugin. -->","yoast_head_json":{"title":"K\u0130\u015e\u0130SEL VER\u0130LER\u0130 KORUMA KANUNU | Akfa &Ccedil;ay","robots":{"index":"index","follow":"follow","max-snippet":"max-snippet:-1","max-image-preview":"max-image-preview:large","max-video-preview":"max-video-preview:-1"},"canonical":"https:\/\/akfacay.com.tr\/index.php\/kvkk\/","og_locale":"tr_TR","og_type":"article","og_title":"K\u0130\u015e\u0130SEL VER\u0130LER\u0130 KORUMA KANUNU | Akfa &Ccedil;ay","og_url":"https:\/\/akfacay.com.tr\/index.php\/kvkk\/","og_site_name":"Akfa &Ccedil;ay","article_modified_time":"2022-05-12T13:23:11+00:00","twitter_card":"summary_large_image","twitter_misc":{"Tahmini okuma s\u00fcresi":"1 dakika"},"schema":{"@context":"https:\/\/schema.org","@graph":[{"@type":"WebPage","@id":"https:\/\/akfacay.com.tr\/index.php\/kvkk\/","url":"https:\/\/akfacay.com.tr\/index.php\/kvkk\/","name":"K\u0130\u015e\u0130SEL VER\u0130LER\u0130 KORUMA KANUNU | Akfa &Ccedil;ay","isPartOf":{"@id":"https:\/\/akfacay.com.tr\/#website"},"datePublished":"2022-05-12T12:33:05+00:00","dateModified":"2022-05-12T13:23:11+00:00","breadcrumb":{"@id":"https:\/\/akfacay.com.tr\/index.php\/kvkk\/#breadcrumb"},"inLanguage":"tr","potentialAction":[{"@type":"ReadAction","target":["https:\/\/akfacay.com.tr\/index.php\/kvkk\/"]}]},{"@type":"BreadcrumbList","@id":"https:\/\/akfacay.com.tr\/index.php\/kvkk\/#breadcrumb","itemListElement":[{"@type":"ListItem","position":1,"name":"Ana sayfa","item":"https:\/\/akfacay.com.tr\/"},{"@type":"ListItem","position":2,"name":"K\u0130\u015e\u0130SEL VER\u0130LER\u0130 KORUMA KANUNU"}]},{"@type":"WebSite","@id":"https:\/\/akfacay.com.tr\/#website","url":"https:\/\/akfacay.com.tr\/","name":"Akfa cay","description":"Ho\u015fgeldiniz","publisher":{"@id":"https:\/\/akfacay.com.tr\/#organization"},"alternateName":"Akfa akfacay akfa\u00e7ay \u00e7ay karadeniz filiz harman tiryaki demlik bardak","potentialAction":[{"@type":"SearchAction","target":{"@type":"EntryPoint","urlTemplate":"https:\/\/akfacay.com.tr\/?s={search_term_string}"},"query-input":{"@type":"PropertyValueSpecification","valueRequired":true,"valueName":"search_term_string"}}],"inLanguage":"tr"},{"@type":"Organization","@id":"https:\/\/akfacay.com.tr\/#organization","name":"Akfa \u00c7ay","url":"https:\/\/akfacay.com.tr\/","logo":{"@type":"ImageObject","inLanguage":"tr","@id":"https:\/\/akfacay.com.tr\/#\/schema\/logo\/image\/","url":"https:\/\/akfacay.com.tr\/wp-content\/uploads\/2020\/03\/akfa-logos\u0327effaf-.png","contentUrl":"https:\/\/akfacay.com.tr\/wp-content\/uploads\/2020\/03\/akfa-logos\u0327effaf-.png","width":3908,"height":2604,"caption":"Akfa \u00c7ay"},"image":{"@id":"https:\/\/akfacay.com.tr\/#\/schema\/logo\/image\/"}}]}},"_links":{"self":[{"href":"https:\/\/akfacay.com.tr\/index.php\/wp-json\/wp\/v2\/pages\/990","targetHints":{"allow":["GET"]}}],"collection":[{"href":"https:\/\/akfacay.com.tr\/index.php\/wp-json\/wp\/v2\/pages"}],"about":[{"href":"https:\/\/akfacay.com.tr\/index.php\/wp-json\/wp\/v2\/types\/page"}],"author":[{"embeddable":true,"href":"https:\/\/akfacay.com.tr\/index.php\/wp-json\/wp\/v2\/users\/1"}],"replies":[{"embeddable":true,"href":"https:\/\/akfacay.com.tr\/index.php\/wp-json\/wp\/v2\/comments?post=990"}],"version-history":[{"count":5,"href":"https:\/\/akfacay.com.tr\/index.php\/wp-json\/wp\/v2\/pages\/990\/revisions"}],"predecessor-version":[{"id":1006,"href":"https:\/\/akfacay.com.tr\/index.php\/wp-json\/wp\/v2\/pages\/990\/revisions\/1006"}],"wp:attachment":[{"href":"https:\/\/akfacay.com.tr\/index.php\/wp-json\/wp\/v2\/media?parent=990"}],"curies":[{"name":"wp","href":"https:\/\/api.w.org\/{rel}","templated":true}]}}